{"id":27,"date":"2026-01-09T17:10:33","date_gmt":"2026-01-09T16:10:33","guid":{"rendered":"https:\/\/xn--trdvrdarna-r5ao.nu\/?page_id=27"},"modified":"2026-01-27T21:55:19","modified_gmt":"2026-01-27T20:55:19","slug":"om-oss","status":"publish","type":"page","link":"https:\/\/xn--trdvrdarna-r5ao.nu\/?page_id=27","title":{"rendered":"Om oss"},"content":{"rendered":"\n<h5 class=\"wp-block-heading\">VILKA \u00c4R VI?<\/h5>\n\n\n\n<figure class=\"wp-block-image\"><img decoding=\"async\" src=\"https:\/\/static.wixstatic.com\/media\/8341f3_df82df65aa264875830256c6bc32fefc~mv2.jpg\/v1\/crop\/x_0,y_896,w_2762,h_2889\/fill\/w_196,h_205,al_c,q_80,usm_0.66_1.00_0.01,enc_avif,quality_auto\/8341f3_df82df65aa264875830256c6bc32fefc~mv2.jpg\" alt=\"Anders som utf\u00f6r en kronstabilisering\"\/><\/figure>\n\n\n\n<p><strong>Anders&nbsp;<\/strong>\u00e4r hemmah\u00f6rande i Hedemora och utbildad inom tr\u00e4dg\u00e5rdsomr\u00e5det och har varit verksam i branschen sedan 2017.<\/p>\n\n\n\n<p>F\u00f6r att kunna hantera motors\u00e5g och f\u00e4lla tr\u00e4d har Anders f\u00f6ljande motors\u00e5gskort ABCE fr\u00e5n S\u00e4ker skog. Det vill s\u00e4ga att han f\u00e5r utf\u00f6ra avancerad tr\u00e4df\u00e4llning samt f\u00e4lla tr\u00e4d i n\u00e4rheten av bebyggelse och v\u00e4g. Han f\u00e5r \u00e4ven anv\u00e4nda motors\u00e5g f\u00f6r sektionsf\u00e4llning\/besk\u00e4rning fr\u00e5n skylift.&nbsp;\u200b\u200b\u200b<\/p>\n\n\n\n<figure class=\"wp-block-image\"><img decoding=\"async\" src=\"https:\/\/static.wixstatic.com\/media\/29e52e_5c2cd87feaa24df5bf318dbefe263321~mv2.jpg\/v1\/crop\/x_0,y_349,w_2432,h_2544\/fill\/w_196,h_205,al_c,q_80,usm_0.66_1.00_0.01,enc_avif,quality_auto\/IMG_1159.jpg\" alt=\"IMG_1159.jpg\"\/><\/figure>\n\n\n\n<p><strong>Ville<\/strong>&nbsp;\u00e4r hemmah\u00f6rande i Bromma och har motors\u00e5gskort A+B p\u00e5 fritiden s\u00e5 l\u00e4gger han mycket tid vid sitt Insatskompani inom hemv\u00e4rnet.Trivs annars p\u00e5 h\u00f6g h\u00f6jd i olika typer av tr\u00e4d.<\/p>\n\n\n\n<p>\u200b<\/p>\n\n\n\n<p>Vi arbetar ocks\u00e5 tillsammans med andra entrepren\u00f6rer n\u00e4r vi beh\u00f6ver mer och st\u00f6rre resurser. Alla som vi samarbetar med har erforderlig utbildning f\u00f6r de arbetsmoment som ska utf\u00f6ras.<\/p>\n\n\n\n<h5 class=\"wp-block-heading\">Kontakta oss:<\/h5>\n\n\n\n<p>Ville:\u00a0<a href=\"tel:+46 0709-98 52 03\">0709-98 52 03<\/a> (Stockholms-omr\u00e5det)<\/p>\n\n\n\n<p>Anders:\u00a0<a href=\"tel:+46 707-75 07 30\">0707-75 07 30<\/a> (Dalarna)<\/p>\n\n\n\n<p>E:&nbsp;<a href=\"mailto:offert@tradvardarna.se\">offert@tradvardarna.se<\/a><\/p>\n\n\n\n<figure class=\"wp-block-image\"><a class=\"oRtuWN\" href=\"https:\/\/www.instagram.com\/tradvardarna.se\" target=\"_blank\" rel=\"noreferrer noopener\"><img decoding=\"async\" src=\"https:\/\/static.wixstatic.com\/media\/11062b_55e4be1e75564866b6c28290f9a9d271~mv2.png\/v1\/fill\/w_39,h_39,al_c,q_85,usm_0.66_1.00_0.01,enc_avif,quality_auto\/11062b_55e4be1e75564866b6c28290f9a9d271~mv2.png\" alt=\"Instagram\"\/><\/a><\/figure>\n\n\n\n<figure class=\"wp-block-image\"><a class=\"oRtuWN\" href=\"https:\/\/www.facebook.com\/tradvardarna.se\" target=\"_blank\" rel=\"noreferrer noopener\"><img decoding=\"async\" src=\"https:\/\/static.wixstatic.com\/media\/11062b_2381e8a6e7444f4f902e7b649aa3f0ac~mv2.png\/v1\/fill\/w_39,h_39,al_c,q_85,usm_0.66_1.00_0.01,enc_avif,quality_auto\/11062b_2381e8a6e7444f4f902e7b649aa3f0ac~mv2.png\" alt=\"Facebook\"\/><\/a><\/figure>\n\n\n\n<ul class=\"wp-block-list\">\n<li><\/li>\n\n\n\n<li><\/li>\n<\/ul>\n\n\n\n<p>P\u00e5 alla v\u00e5ra jobb s\u00e5 erbjuder vi sj\u00e4lvklart RUT avdrag med 50% av arbetskostnaden. Vi st\u00e5r f\u00f6r rapportering och du kan bara slappna av och l\u00e5ta oss ta hand om det.<\/p>\n\n\n\n<p>(Bortforsling och plantering omfattas tyv\u00e4rr inte av RUT-avdrag.)<\/p>\n\n\n\n<p>\u00a9 2026 Tr\u00e4dv\u00e5rdarna i Sverige.<br>\u00a0<\/p>\n","protected":false},"excerpt":{"rendered":"<p>VILKA \u00c4R VI? Anders&nbsp;\u00e4r hemmah\u00f6rande i Hedemora och utbildad inom tr\u00e4dg\u00e5rdsomr\u00e5det och har varit verksam i branschen sedan 2017. F\u00f6r att kunna hantera motors\u00e5g och f\u00e4lla tr\u00e4d har Anders f\u00f6ljande motors\u00e5gskort ABCE fr\u00e5n S\u00e4ker skog. Det vill s\u00e4ga att han f\u00e5r utf\u00f6ra avancerad tr\u00e4df\u00e4llning samt f\u00e4lla tr\u00e4d i n\u00e4rheten av bebyggelse och v\u00e4g. Han f\u00e5r [&hellip;]<\/p>\n","protected":false},"author":1,"featured_media":0,"parent":0,"menu_order":0,"comment_status":"closed","ping_status":"closed","template":"","meta":{"_coblocks_attr":"","_coblocks_dimensions":"","_coblocks_responsive_height":"","_coblocks_accordion_ie_support":"","footnotes":""},"class_list":["post-27","page","type-page","status-publish","hentry"],"jetpack_sharing_enabled":true,"_links":{"self":[{"href":"https:\/\/xn--trdvrdarna-r5ao.nu\/index.php?rest_route=\/wp\/v2\/pages\/27","targetHints":{"allow":["GET"]}}],"collection":[{"href":"https:\/\/xn--trdvrdarna-r5ao.nu\/index.php?rest_route=\/wp\/v2\/pages"}],"about":[{"href":"https:\/\/xn--trdvrdarna-r5ao.nu\/index.php?rest_route=\/wp\/v2\/types\/page"}],"author":[{"embeddable":true,"href":"https:\/\/xn--trdvrdarna-r5ao.nu\/index.php?rest_route=\/wp\/v2\/users\/1"}],"replies":[{"embeddable":true,"href":"https:\/\/xn--trdvrdarna-r5ao.nu\/index.php?rest_route=%2Fwp%2Fv2%2Fcomments&post=27"}],"version-history":[{"count":3,"href":"https:\/\/xn--trdvrdarna-r5ao.nu\/index.php?rest_route=\/wp\/v2\/pages\/27\/revisions"}],"predecessor-version":[{"id":52,"href":"https:\/\/xn--trdvrdarna-r5ao.nu\/index.php?rest_route=\/wp\/v2\/pages\/27\/revisions\/52"}],"wp:attachment":[{"href":"https:\/\/xn--trdvrdarna-r5ao.nu\/index.php?rest_route=%2Fwp%2Fv2%2Fmedia&parent=27"}],"curies":[{"name":"wp","href":"https:\/\/api.w.org\/{rel}","templated":true}]}}